{"id":14,"date":"2022-01-25T11:34:14","date_gmt":"2022-01-25T11:34:14","guid":{"rendered":"https:\/\/sercoenergia.com\/?page_id=14"},"modified":"2022-03-02T10:58:32","modified_gmt":"2022-03-02T10:58:32","slug":"cambios-de-comercializadoras","status":"publish","type":"page","link":"https:\/\/sercoenergia.com\/index.php\/cambios-de-comercializadoras\/","title":{"rendered":"CONTRATOS CON COMERCIALIZADORAS"},"content":{"rendered":"\n<h4 class=\"wp-block-heading\" id=\"asesoria-energetica\"><strong>ASESOR\u00cdA ENERG\u00c9TICA<\/strong><\/h4>\n\n\n\n<p><strong>Consigue una mejor tarifa y AHORRA en tu factura de LUZ Y GAS<\/strong><\/p>\n\n\n\n<ul class=\"wp-block-list\"><li>Asesoramiento y gesti\u00f3n GRATUITA<\/li><\/ul>\n\n\n\n<ul class=\"wp-block-list\"><li>Ahorra tiempo en interminables gestiones con las compa\u00f1\u00edas, NOSOTROS NOS ENCARGAMOS DE TODO.<\/li><\/ul>\n\n\n\n<ul class=\"wp-block-list\"><li>Todas las compa\u00f1\u00edas a su alcance: Trabajamos con la mejores compa\u00f1\u00edas, para ofrecerle la mejor tarifa en cada momento del mercado.<\/li><\/ul>\n\n\n\n<ul class=\"wp-block-list\"><li>Sin penalizaciones<\/li><\/ul>\n\n\n\n<ul class=\"wp-block-list\"><li>\u00a1LL\u00c1MANOS y comienza a AHORRA YA!<\/li><\/ul>\n\n\n\n<p><strong>DISCRIMINACI\u00d3N HORARIA:<\/strong>&nbsp;Desde junio de 2021, la nueva tarifa de la luz divide los d\u00edas en tres franjas horarias<\/p>\n","protected":false},"excerpt":{"rendered":"<p>ASESOR\u00cdA ENERG\u00c9TICA Consigue una mejor tarifa y AHORRA en tu factura de LUZ Y GAS Asesoramiento y gesti\u00f3n GRATUITA Ahorra tiempo en interminables gestiones con las compa\u00f1\u00edas, NOSOTROS NOS ENCARGAMOS DE TODO. Todas las compa\u00f1\u00edas a su alcance: Trabajamos con la mejores compa\u00f1\u00edas, para ofrecerle la mejor tarifa en cada momento del mercado. Sin penalizaciones [&hellip;]<\/p>\n","protected":false},"author":1,"featured_media":37,"parent":0,"menu_order":0,"comment_status":"closed","ping_status":"closed","template":"","meta":{"footnotes":""},"class_list":["post-14","page","type-page","status-publish","has-post-thumbnail","czr-hentry"],"_links":{"self":[{"href":"https:\/\/sercoenergia.com\/index.php\/wp-json\/wp\/v2\/pages\/14","targetHints":{"allow":["GET"]}}],"collection":[{"href":"https:\/\/sercoenergia.com\/index.php\/wp-json\/wp\/v2\/pages"}],"about":[{"href":"https:\/\/sercoenergia.com\/index.php\/wp-json\/wp\/v2\/types\/page"}],"author":[{"embeddable":true,"href":"https:\/\/sercoenergia.com\/index.php\/wp-json\/wp\/v2\/users\/1"}],"replies":[{"embeddable":true,"href":"https:\/\/sercoenergia.com\/index.php\/wp-json\/wp\/v2\/comments?post=14"}],"version-history":[{"count":9,"href":"https:\/\/sercoenergia.com\/index.php\/wp-json\/wp\/v2\/pages\/14\/revisions"}],"predecessor-version":[{"id":311,"href":"https:\/\/sercoenergia.com\/index.php\/wp-json\/wp\/v2\/pages\/14\/revisions\/311"}],"wp:featuredmedia":[{"embeddable":true,"href":"https:\/\/sercoenergia.com\/index.php\/wp-json\/wp\/v2\/media\/37"}],"wp:attachment":[{"href":"https:\/\/sercoenergia.com\/index.php\/wp-json\/wp\/v2\/media?parent=14"}],"curies":[{"name":"wp","href":"https:\/\/api.w.org\/{rel}","templated":true}]}}