{"id":182,"date":"2022-02-14T11:08:38","date_gmt":"2022-02-14T11:08:38","guid":{"rendered":"https:\/\/sercoenergia.com\/?page_id=182"},"modified":"2022-03-02T11:18:06","modified_gmt":"2022-03-02T11:18:06","slug":"iluminacion-led","status":"publish","type":"page","link":"https:\/\/sercoenergia.com\/index.php\/iluminacion-led\/","title":{"rendered":"ILUMINACI\u00d3N LED"},"content":{"rendered":"\n<div class=\"wp-block-image\"><figure class=\"alignleft size-full is-resized\"><img loading=\"lazy\" decoding=\"async\" src=\"https:\/\/sercoenergia.com\/wp-content\/uploads\/2022\/02\/galeria1.jpg\" alt=\"\" class=\"wp-image-209\" width=\"275\" height=\"183\"\/><\/figure><\/div>\n\n\n\n<p>Las&nbsp;ventajas de la iluminaci\u00f3n led &nbsp;son m\u00faltiples y muy importantes. Siempre se habla del&nbsp;ahorro energ\u00e9tico, as\u00ed como del&nbsp;ahorro en la factura de la luz, para llegar a ese ahorro energ\u00e9tico y que eso repercuta en el correspondiente ahorro en nuestra factura de la luz, hay que tener en cuenta las m\u00faltiples y muy importantes ventajas de la iluminaci\u00f3n LED<\/p>\n\n\n\n<p>Las nuevas tecnolog\u00edas han hecho evolucionar hasta obtener un mayor rendimiento lum\u00ednico los diodos emisores de luz (led, son las siglas en ingl\u00e9s) .<\/p>\n\n\n\n<p align=\"justify\">El uso de la tecnolog\u00eda led en iluminaci\u00f3n ha tenido un&nbsp;efecto beneficioso para el medio ambiente. La&nbsp;llaman&nbsp;iluminaci\u00f3n ecol\u00f3gica&nbsp;porque no utiliza mercurio o gases que producen efecto invernadero e incrementan el calentamiento global. Esto hace que su elecci\u00f3n a la hora de sustituirlas por las hal\u00f3genas tradicionales sea la decisi\u00f3n m\u00e1s inteligente, por su eficiencia energ\u00e9tica y eficacia lum\u00ednica.<\/p>\n\n\n\n<h2 class=\"wp-block-heading\" id=\"eficiencia-eficacia-y-seguridad\">Eficiencia, eficacia y Seguridad<\/h2>\n\n\n\n<p align=\"justify\">Los leds son&nbsp;<strong>elementos seguros<\/strong>&nbsp;porque trabajan con&nbsp;<strong>corriente continua de baja tensi\u00f3n<\/strong>. Esto reduce considerablemente los accidentes dom\u00e9sticos por electrocuci\u00f3n y evitan desagradables descargas de l\u00e1mparas y apliques.<\/p>\n\n\n\n<h2 class=\"wp-block-heading\" id=\"principales-ventajas-de-la-iluminacion-led\">Principales ventajas de la iluminaci\u00f3n led<\/h2>\n\n\n\n<ol class=\"wp-block-list\"><li><strong>Ahorro energ\u00e9tico. S<\/strong>u bajo consumo energ\u00e9tico produce un ahorro de hasta un 80% .<\/li><li><strong>Poca emisi\u00f3n de calor.<\/strong> Dise\u00f1adas con disipador de calor evitando la sobrecarga.<\/li><li>Encendido inmediato de luz n\u00edtida y brillante.<\/li><li>Alta duraci\u00f3n. La vida \u00fatil de los&nbsp;<strong>leds<\/strong>&nbsp;puede llegar a estar entre las 20.000 y 50.000 horas de vida(6 a\u00f1os aprox.), mientras que la de una&nbsp;<strong>bombilla<\/strong>&nbsp;hal\u00f3gena esta en torno a las 2.000 horas.<\/li><\/ol>\n\n\n\n<ol class=\"wp-block-list\" start=\"5\"><li>Control de intensidad lum\u00ednica. Algunas luminarias tienen integrado un regulador para cambiar la intensidad y tono de luz dependiendo de la calidez deseada.<\/li><li>Mayor resistencia .Al no tener filamento como las bombillas incandescentes o hal\u00f3genas, soportan golpes y vibraciones&nbsp;sin romperse.<\/li><li>Son ecol\u00f3gicas. No contienen mercurio por tanto no da\u00f1an el medio ambiente.<\/li><\/ol>\n\n\n\n<h2 class=\"has-text-align-center wp-block-heading\"><a href=\"https:\/\/sercoenergia.com\/index.php\/contacto\/\" data-type=\"page\" data-id=\"16\">PIDE TU PRESUPUESTO<\/a><\/h2>\n","protected":false},"excerpt":{"rendered":"<p>Las&nbsp;ventajas de la iluminaci\u00f3n led &nbsp;son m\u00faltiples y muy importantes. Siempre se habla del&nbsp;ahorro energ\u00e9tico, as\u00ed como del&nbsp;ahorro en la factura de la luz, para llegar a ese ahorro energ\u00e9tico y que eso repercuta en el correspondiente ahorro en nuestra factura de la luz, hay que tener en cuenta las m\u00faltiples y muy importantes ventajas [&hellip;]<\/p>\n","protected":false},"author":1,"featured_media":0,"parent":0,"menu_order":0,"comment_status":"closed","ping_status":"closed","template":"","meta":{"footnotes":""},"class_list":["post-182","page","type-page","status-publish","czr-hentry"],"_links":{"self":[{"href":"https:\/\/sercoenergia.com\/index.php\/wp-json\/wp\/v2\/pages\/182","targetHints":{"allow":["GET"]}}],"collection":[{"href":"https:\/\/sercoenergia.com\/index.php\/wp-json\/wp\/v2\/pages"}],"about":[{"href":"https:\/\/sercoenergia.com\/index.php\/wp-json\/wp\/v2\/types\/page"}],"author":[{"embeddable":true,"href":"https:\/\/sercoenergia.com\/index.php\/wp-json\/wp\/v2\/users\/1"}],"replies":[{"embeddable":true,"href":"https:\/\/sercoenergia.com\/index.php\/wp-json\/wp\/v2\/comments?post=182"}],"version-history":[{"count":12,"href":"https:\/\/sercoenergia.com\/index.php\/wp-json\/wp\/v2\/pages\/182\/revisions"}],"predecessor-version":[{"id":337,"href":"https:\/\/sercoenergia.com\/index.php\/wp-json\/wp\/v2\/pages\/182\/revisions\/337"}],"wp:attachment":[{"href":"https:\/\/sercoenergia.com\/index.php\/wp-json\/wp\/v2\/media?parent=182"}],"curies":[{"name":"wp","href":"https:\/\/api.w.org\/{rel}","templated":true}]}}