{"id":68,"date":"2022-01-25T13:53:05","date_gmt":"2022-01-25T13:53:05","guid":{"rendered":"https:\/\/sercoenergia.com\/?page_id=68"},"modified":"2022-02-14T12:40:39","modified_gmt":"2022-02-14T12:40:39","slug":"politica-de-cookies","status":"publish","type":"page","link":"https:\/\/sercoenergia.com\/index.php\/politica-de-cookies\/","title":{"rendered":"POL\u00cdTICA DE COOKIES"},"content":{"rendered":"\n<h3 class=\"wp-block-heading\" id=\"1-1-acerca-de-la-politica-de-cookies\"><strong>1.1 ACERCA DE LA POL\u00cdTICA DE COOKIES<\/strong><\/h3>\n\n\n\n<p>El objetivo de esta&nbsp;pol\u00edtica es informar a los interesados acerca de las cookies que emplea esta p\u00e1gina web&nbsp;de conformidad con lo establecido en la normativa aplicable.<\/p>\n\n\n\n<p> La organizaci\u00f3n <strong>Serco 2004 S.L<\/strong>, con CIF: <strong>B83768820<\/strong>, tiene la condici\u00f3n de responsable del Tratamiento, con domicilio social a estos efectos en <strong>C\/ Eur\u00edpides, 61, 28341 &#8211; Valdemoro (Madrid)<\/strong><\/p>\n\n\n\n<h3 class=\"wp-block-heading\" id=\"1-2-definicion-y-funcion-de-las-cookies-que-son-las-cookies-y-cual-es-su-uso\"><strong>1.2 DEFINICI\u00d3N Y FUNCI\u00d3N DE LAS COOKIES. \u00bfQU\u00c9 SON LAS COOKIES Y CUAL ES SU USO<\/strong><\/h3>\n\n\n\n<p>Una cookie es un fichero que se descarga en el navegador al acceder a determinadas p\u00e1ginas web. Las cookies permiten a una p\u00e1gina web, entre otras cosas, almacenar y recuperar informaci\u00f3n sobre los h\u00e1bitos de navegaci\u00f3n de un usuario o de su equipo y, dependiendo de la informaci\u00f3n que contengan y de la forma en que utilice su equipo, pueden utilizarse para reconocer al usuario.<\/p>\n\n\n\n<p>Toda la informaci\u00f3n que se recaba en el sitio Web se utiliza para poder ofrecer un mejor servicio a los visitantes.<\/p>\n\n\n\n<p>T\u00e9ngase en cuenta que usar nuestra web con cookies deshabilitadas puede hacer que la web no funcione adecuadamente, y que en determinadas zonas d\u00e9 errores.<\/p>\n\n\n\n<p>Los tipos de cookies que utiliza nuestra organizaci\u00f3n seg\u00fan el <strong>\u201c<\/strong><em><u><strong>Tiempo de Duraci\u00f3n<\/strong><\/u><\/em><strong>\u201d<\/strong> de las cookies, son las siguientes:<\/p>\n\n\n\n<ul class=\"wp-block-list\"><li><strong>Cookies de sesi\u00f3n:<\/strong> son un tipo de cookies dise\u00f1adas para recabar y almacenar datos mientras el usuario accede a una p\u00e1gina web. Estas cookies s\u00f3lo funcionan durante la sesi\u00f3n del navegador, siendo borradas una vez finaliza dicha sesi\u00f3n<\/li><li><strong>Cookies persistentes:<\/strong> son un tipo de cookies en el que los datos siguen almacenados en el navegador y pueden ser accedidos y tratados durante un periodo definido por el responsable de la cookie, y que puede tener una duraci\u00f3n de unos minutos a varios a\u00f1os.<\/li><\/ul>\n\n\n\n<p>Seg\u00fan el <em><u><strong>\u201cServicio Ofrecido<\/strong><\/u><\/em><strong>\u201d<\/strong> de las cookies:<\/p>\n\n\n\n<ul class=\"wp-block-list\"><li><strong>Cookies T\u00e9cnicas:<\/strong> son aquellas que, bien tratadas por nosotros o por terceros, resultan imprescindibles para que se pueda navegar por el sitio Web correctamente. Garantizan que la p\u00e1gina se muestre de forma adecuada.<\/li><li><strong>Cookies Anal\u00edticas<\/strong>: son aquellas que, bien tratadas por nosotros o por terceros, nos permiten cuantificar el n\u00famero de usuarios y as\u00ed realizar la medici\u00f3n y an\u00e1lisis estad\u00edstico de la utilizaci\u00f3n y comportamiento que hacen los usuarios del servicio ofertado. Para ello se analiza su navegaci\u00f3n de forma an\u00f3nima en nuestro sitio Web con el fin de mejorar la oferta de productos o servicios que le ofrecemos. Esta cookie ofrece a su responsable informaci\u00f3n agregada, an\u00f3nima (sin llegar a identificar personalmente al usuario) y de car\u00e1cter estad\u00edstico.<\/li><li><strong>Cookies de Personalizaci\u00f3n:<\/strong> son aquellas que, bien tratadas por nosotros o por terceros, permiten al usuario acceder al servicio con algunas caracter\u00edsticas predefinidas en funci\u00f3n de una serie de criterios en el terminal del usuario como ser\u00edan la navegaci\u00f3n del usuario y sus intereses, la configuraci\u00f3n regional desde donde accede al servicio, etc.<\/li><li><strong>Cookies Publicitarias:<\/strong> son aquellas que, bien tratadas por nosotros o por terceros, nos permiten mostrar productos y\/o servicios al visitar alguna p\u00e1gina web externa previo consentimiento expreso del usuario.<\/li><\/ul>\n\n\n\n<p>Seg\u00fan la <strong>\u201c<\/strong><em><u><strong>Propiedad<\/strong><\/u><\/em><strong>\u201d<\/strong> de la cookie:<\/p>\n\n\n\n<ul class=\"wp-block-list\"><li><strong>Cookies Propias:<\/strong> son aquellas que se env\u00edan al navegador del usuario desde un equipo o dominio gestionado por nosotros y desde el que se presta el servicio solicitado por el usuario.<\/li><li><strong>Cookies de Terceros:<\/strong> son aquellas que se env\u00edan al navegador del usuario desde un equipo o dominio que no es gestionado por nosotros, sino por otra entidad que trata los datos obtenidos a trav\u00e9s de las cookies. Utilizamos estas cookies (llamadas cookies de terceros) para ense\u00f1ar en otros sitios web publicidad nuestra personalizada, nunca de terceras empresas. Se puede optar a no aceptar estas cookies en la configuraci\u00f3n de su navegador que se ve m\u00e1s abajo en esta Pol\u00edtica.<\/li><\/ul>\n\n\n\n<h3 class=\"wp-block-heading\" id=\"1-3-revocacion-y-eliminacion-de-cookies-por-tipo-de-navegador-que-se-puede-hacer-con-las-cookies\"><strong>1.3 REVOCACI\u00d3N Y ELIMINACI\u00d3N DE COOKIES POR TIPO DE NAVEGADOR. \u00bfQU\u00c9 SE PUEDE HACER CON LAS COOKIES?<\/strong><\/h3>\n\n\n\n<p>Se puede permitir, bloquear o eliminar las cookies instaladas en su navegador mediante la configuraci\u00f3n de las opciones del navegador instalado en su ordenador. En caso que no permita la instalaci\u00f3n de cookies en su navegador es posible que no pueda acceder a alguna de las secciones de nuestra web.<\/p>\n\n\n\n<p>Para m\u00e1s informaci\u00f3n sobre como bloquear el uso de las cookies a trav\u00e9s del navegador Chrome en <a href=\"https:\/\/support.google.com\/chrome\/answer\/95647?hl=es\/li\">https:\/\/support.google.com\/chrome\/answer\/95647?hl=es\/<\/a><\/p>\n\n\n\n<p>Para m\u00e1s informaci\u00f3n sobre como bloquear el uso de la cookies a trav\u00e9s del navegador Firefox en <a href=\"https:\/\/support.mozilla.org\/es\/kb\/habilitar-y-deshabilitar-cookies-sitios-web-rastrear-preferencias\">https:\/\/support.mozilla.org\/es\/kb\/habilitar-y-deshabilitar-cookies-sitios-web-rastrear-preferencias<\/a><\/p>\n\n\n\n<p>Para m\u00e1s informaci\u00f3n sobre como bloquear el uso de las cookies a trav\u00e9s del navegador Internet Explorer en <a href=\"http:\/\/windows.microsoft.com\/es-es\/windows7\/how-to-manage-cookies-in-internet-explorer-9\/li\">http:\/\/windows.microsoft.com\/es-es\/windows7\/how-to-manage-cookies-in-internet-explorer-9\/<\/a><\/p>\n\n\n\n<p>Para m\u00e1s informaci\u00f3n sobre como bloquear el uso de las cookies a trav\u00e9s del navegador Safari en <a href=\"http:\/\/support.apple.com\/kb\/HT1677?viewlocale=es_ES\">http:\/\/support.apple.com\/kb\/HT1677?viewlocale=es_ES<\/a><\/p>\n\n\n\n<p>Adem\u00e1s, en su navegador puede activar el modo inc\u00f3gnito o privado, para borrar las cookies y el historial de navegaci\u00f3n una vez termine tu sesi\u00f3n de navegaci\u00f3n. Consulte la ayuda de su navegador para acceder a este modo.<\/p>\n\n\n\n<p><strong>Revocaci\u00f3n y eliminaci\u00f3n de cookies (<\/strong><em><strong>por servicio ofrecido<\/strong><\/em><strong>)<\/strong><\/p>\n\n\n\n<p>Le relacionamos los enlaces a los sistemas propios habilitados por cada uno de los proveedores externos para la desactivaci\u00f3n de sus cookies (se deben incluir los enlaces a las pol\u00edticas de cookies de terceros presentes en la p\u00e1gina web, permitiendo al usuario su desactivaci\u00f3n de manera m\u00e1s sencilla):<\/p>\n\n\n\n<p>Para optar a no usar las cookies de Google Analytics: <a href=\"https:\/\/tools.google.com\/dlpage\/gaoptout?hl=es\">https:\/\/tools.google.com\/dlpage\/gaoptout?hl=es<\/a><\/p>\n\n\n\n<p><a><\/a> Para optar a no usar las cookies de Adobe Analytics: <a href=\"http:\/\/www.adobe.com\/es\/privacy\/opt-out.html\">http:\/\/www.adobe.com\/es\/privacy\/opt-out.html<\/a><\/p>\n\n\n\n<p>Para optar a no usar las cookies de publicidad de nuestra empresa ofrecida en otros sitios web: <a href=\"http:\/\/info.criteo.com\/pjl\/privacy\/informations?infonorm=3&amp;partner=11133&amp;campaignid=38715\">http:\/\/info.criteo.com\/pjl\/privacy\/informations?infonorm=3&amp;partner=11133&amp;campaignid=38715<\/a><\/p>\n\n\n\n<h3 class=\"wp-block-heading\" id=\"1-4-cambiar-configuracion-de-las-cookies\"><strong>1.4 CAMBIAR CONFIGURACI\u00d3N DE LAS COOKIES.<\/strong><\/h3>\n\n\n\n<p>En cumplimiento de la normativa vigente, le informamos de que este sitio Web utiliza cookies tanto propias como de terceros para diversas finalidades.<\/p>\n\n\n\n<p>Algunas cookies son estrictamente necesarias para el uso del sitio Web, otras cookies (<em>Cookies Anal\u00edticas<\/em>) permiten ofrecer una experiencia en el sitio Web dependiendo de su navegaci\u00f3n. En ning\u00fan caso se almacenan datos personales a trav\u00e9s de estas cookies (<em>t\u00e9cnicas y anal\u00edticas<\/em>) y no requieren del consentimiento expreso del usuario.<\/p>\n\n\n\n<p>Se garantiza al usuario que, en ning\u00fan caso, se utilizar\u00e1n para otro uso distinto al indicado.<\/p>\n\n\n\n<p><a><\/a> A continuaci\u00f3n, le mostramos el panel de configuraci\u00f3n en el que puede aceptar o rechazar el uso de cookies, clasificadas en funci\u00f3n de su finalidad: <strong>Ver configuraci\u00f3n<\/strong> (enlace que debe llevar a la configuraci\u00f3n de la ventana emergente de cookies).<\/p>\n\n\n\n<p>Las cookies ayudan a hacer una p\u00e1gina web utilizable activando funciones b\u00e1sicas como la navegaci\u00f3n en la p\u00e1gina y el acceso a \u00e1reas seguras de la p\u00e1gina web.<\/p>\n\n\n\n<h3 class=\"wp-block-heading\"><\/h3>\n","protected":false},"excerpt":{"rendered":"<p>1.1 ACERCA DE LA POL\u00cdTICA DE COOKIES El objetivo de esta&nbsp;pol\u00edtica es informar a los interesados acerca de las cookies que emplea esta p\u00e1gina web&nbsp;de conformidad con lo establecido en la normativa aplicable. La organizaci\u00f3n Serco 2004 S.L, con CIF: B83768820, tiene la condici\u00f3n de responsable del Tratamiento, con domicilio social a estos efectos en [&hellip;]<\/p>\n","protected":false},"author":1,"featured_media":0,"parent":0,"menu_order":0,"comment_status":"closed","ping_status":"closed","template":"","meta":{"footnotes":""},"class_list":["post-68","page","type-page","status-publish","czr-hentry"],"_links":{"self":[{"href":"https:\/\/sercoenergia.com\/index.php\/wp-json\/wp\/v2\/pages\/68","targetHints":{"allow":["GET"]}}],"collection":[{"href":"https:\/\/sercoenergia.com\/index.php\/wp-json\/wp\/v2\/pages"}],"about":[{"href":"https:\/\/sercoenergia.com\/index.php\/wp-json\/wp\/v2\/types\/page"}],"author":[{"embeddable":true,"href":"https:\/\/sercoenergia.com\/index.php\/wp-json\/wp\/v2\/users\/1"}],"replies":[{"embeddable":true,"href":"https:\/\/sercoenergia.com\/index.php\/wp-json\/wp\/v2\/comments?post=68"}],"version-history":[{"count":6,"href":"https:\/\/sercoenergia.com\/index.php\/wp-json\/wp\/v2\/pages\/68\/revisions"}],"predecessor-version":[{"id":244,"href":"https:\/\/sercoenergia.com\/index.php\/wp-json\/wp\/v2\/pages\/68\/revisions\/244"}],"wp:attachment":[{"href":"https:\/\/sercoenergia.com\/index.php\/wp-json\/wp\/v2\/media?parent=68"}],"curies":[{"name":"wp","href":"https:\/\/api.w.org\/{rel}","templated":true}]}}