{"id":70,"date":"2022-01-25T13:53:31","date_gmt":"2022-01-25T13:53:31","guid":{"rendered":"https:\/\/sercoenergia.com\/?page_id=70"},"modified":"2022-02-14T12:21:17","modified_gmt":"2022-02-14T12:21:17","slug":"aviso-legal","status":"publish","type":"page","link":"https:\/\/sercoenergia.com\/index.php\/aviso-legal\/","title":{"rendered":"AVISO LEGAL"},"content":{"rendered":"\n<h3 class=\"wp-block-heading\" id=\"1-informacion-general\"><strong>1. INFORMACI\u00d3N GENERAL.<\/strong><\/h3>\n\n\n\n<p>En cumplimiento del deber de informaci\u00f3n establecido en el art\u00edculo 10 de la Ley 34\/2002, de Servicios de la Sociedad de la Informaci\u00f3n y de Comercio Electr\u00f3nico, le comunicamos que el titular del sitio web <strong>https:\/\/sercoenergia.com<\/strong> es <strong>Serco 2004 S.L <\/strong>(en adelante LA ORGANIZACI\u00d3N). Los datos identificativos y de contacto con los titulares del sitio web son los siguientes:<\/p>\n\n\n\n<ul class=\"wp-block-list\"><li><strong>Titular:<\/strong> <strong>Serco 2004 S.L<\/strong><\/li><li><strong>CIF:<\/strong> <strong>B83768820<\/strong><\/li><li><strong>Inscrita en el siguiente Registro Mercantil \/Registro P\u00fablico:<\/strong><\/li><li><strong>Domicilio:<\/strong> <strong>C\/ Eur\u00edpides, 61, 28341, Valdemoro, (Madrid)<\/strong><\/li><li><strong>Tfno:<\/strong><strong> 607833030<\/strong><\/li><li><strong>E-mail<\/strong>: informa.serco@gmail.com<\/li><\/ul>\n\n\n\n<h3 class=\"wp-block-heading\" id=\"2-objeto-y-ambito-de-aplicacion\"><strong>2. OBJETO Y \u00c1MBITO DE APLICACI\u00d3N<\/strong><\/h3>\n\n\n\n<p><strong>2.1<\/strong>. Mediante este Aviso Legal se establecen las condiciones generales de uso que regulan el acceso, navegaci\u00f3n y uso del sitio web <strong>https:\/\/www&#8230;&#8230;&#8230;&#8230;&#8230;&#8230;&#8230;&#8230;&#8230;. <\/strong>(en adelante, Sitio Web), as\u00ed como las responsabilidades derivadas de la utilizaci\u00f3n de sus contenidos. Adicionalmente, la prestaci\u00f3n de determinados servicios o actividades en el marco del Sitio Web podr\u00e1n quedar asimismo sometidas a otras condiciones particulares que pudieran establecerse y que, en su caso, sustituyan, complementen y\/o modifiquen las condiciones generales de uso de este Aviso Legal.<\/p>\n\n\n\n<p><strong>2.2.<\/strong> Este Sitio Web es un servicio que <strong>LA ORGANIZACI\u00d3N<\/strong> pone a disposici\u00f3n de los usuarios de Internet con finalidad informativa, pudiendo efectuar en cualquier momento y sin previo aviso las modificaciones que considere oportunas en su dise\u00f1o, configuraci\u00f3n y contenidos.<\/p>\n\n\n\n<p><strong>2.3.<\/strong> El acceso y uso de este Sitio Web atribuye al visitante la condici\u00f3n de <strong>USUARIO<\/strong> e implica su aceptaci\u00f3n de forma plena y sin reservas, desde dicho acceso y\/o uso, de todas y cada una de las condiciones de uso que <strong>LA ORGANIZACI\u00d3N<\/strong> incluya en este Aviso Legal, en la versi\u00f3n publicada en el momento en que acceda al mismo. En este sentido, se entender\u00e1 por <strong>USUARIO<\/strong> a la persona que acceda, navegue, utilice o participe en los servicios y actividades desarrolladas en el Sitio Web.<\/p>\n\n\n\n<p><strong>2.4.<\/strong> El <strong>USUARIO <\/strong>se obliga a hacer un uso correcto del Sitio Web, de conformidad con las leyes aplicables, la buena fe, el orden p\u00fablico, los usos del tr\u00e1fico y el presente Aviso Legal, respondiendo frente a <strong>LA ORGANIZACI\u00d3N<\/strong> y frente a terceros de cualesquiera da\u00f1os y perjuicios que pudieran causarse como consecuencia del incumplimiento de dicha obligaci\u00f3n.<\/p>\n\n\n\n<h3 class=\"wp-block-heading\" id=\"3-acceso-y-utilizacion-del-sitio-web\"><strong>3. ACCESO Y UTILIZACI\u00d3N DEL SITIO WEB.<\/strong><\/h3>\n\n\n\n<p><strong>3.1.<\/strong> El acceso a este Sitio Web es libre y gratuito, salvo en lo relativo al coste de conexi\u00f3n de la red de telecomunicaciones suministrada por el operador contratado por cada <strong>USUARIO.<\/strong><\/p>\n\n\n\n<p><strong>3.2.<\/strong> El <strong>USUARIO<\/strong> asume la responsabilidad del uso del Sitio Web. Por tanto, el USUARIO se obliga a utilizar los contenidos de forma diligente y l\u00edcita y <strong>LA ORGANIZACI\u00d3N<\/strong>, en particular, se compromete a no emplearlos para, entre otros usos:<\/p>\n\n\n\n<ul class=\"wp-block-list\"><li>Utilizar identidades falsas, o suplantar la identidad de otros usuarios en la utilizaci\u00f3n del Sitio Web o de sus servicios.<\/li><li>Introducir en la red virus inform\u00e1ticos o realizar actuaciones susceptibles de alterar, da\u00f1ar, interrumpir o generar errores o da\u00f1os en los documentos electr\u00f3nicos, datos o sistemas f\u00edsicos y l\u00f3gicos de Club Excelencia en Gesti\u00f3n v\u00eda Innovaci\u00f3n o de terceras personas, as\u00ed como obstaculizar el acceso de otros usuarios al Sitio Web y a sus servicios mediante el consumo masivo de los recursos inform\u00e1ticos a trav\u00e9s de los cuales Club Excelencia en Gesti\u00f3n v\u00eda Innovaci\u00f3n presta sus servicios.<\/li><li>Intentar acceder y, en su caso, utilizar las cuentas de correo electr\u00f3nico de otros usuarios.<\/li><li>Reproducir, copiar, distribuir, poner a disposici\u00f3n o de cualquier otra forma comunicar p\u00fablicamente, transformar o modificar los contenidos del Sitio Web, con fines comerciales, en cualquier soporte y por cualquier medio t\u00e9cnico, sin la autorizaci\u00f3n previa y expresa del titular de los correspondientes derechos.<\/li><li>Introducir o incorporar como una actividad empresarial o profesional propia los contenidos y\/o servicios presentados en este Sitio Web.<\/li><li>Vulnerar cualesquiera derechos de propiedad intelectual o industrial derivados de los contenidos del Sitio Web.<\/li><li>Utilizar los contenidos y\/o la informaci\u00f3n de cualquier clase obtenida a trav\u00e9s de este Sitio Web para realizar actividades publicitarias o promocionales, remitir publicidad de cualquier clase y comunicaciones con fines de venta u otras de naturaleza comercial, o para recopilar, comercializar o divulgar de cualquier modo dicha informaci\u00f3n.<\/li><li>Utilizar este Sitio Web, o los contenidos y\/o servicios en el obtenidos, para la realizaci\u00f3n de actividades contrarias a la ley, a la moral, a las buenas costumbres o al orden p\u00fablico, con fines o efectos il\u00edcitos, prohibidos o lesivos de derechos e intereses de terceros.<\/li><\/ul>\n\n\n\n<p><strong>3.3.<\/strong> <strong>LA ORGANIZACI\u00d3N<\/strong> se reserva el derecho a interrumpir en cualquier momento y sin previo aviso el acceso al Sitio Web, as\u00ed como a interrumpir la prestaci\u00f3n de cualquiera o de todos los servicios que se prestan a trav\u00e9s de este, ya sea por motivos t\u00e9cnicos, de seguridad, o por cualquier otra causa.<\/p>\n\n\n\n<h3 class=\"wp-block-heading\" id=\"4-proteccion-de-datos-personales\"><strong>4. PROTECCI\u00d3N DE DATOS PERSONALES.<\/strong><\/h3>\n\n\n\n<p><strong>4.1<\/strong>. <strong>LA ORGANIZACI\u00d3N<\/strong> se compromete al tratamiento de los datos personales de manera respetuosa con los derechos de sus titulares, y de conformidad a la normativa de protecci\u00f3n de datos que se encuentre en vigor en cada momento.<\/p>\n\n\n\n<p><strong>4.2.<\/strong> En la secci\u00f3n POL\u00cdTICAS DE PRIVACIDAD del Sitio Web se pone a disposici\u00f3n permanente del <strong>USUARIO<\/strong> la informaci\u00f3n legal o pol\u00edtica de privacidad correspondiente a los distintos tratamientos de datos llevados a cabo por <strong>LA ORGANIZACI\u00d3N<\/strong> en relaci\u00f3n a la gesti\u00f3n de datos de usuarios de la web, seguidores en redes sociales, candidatos, etc.<\/p>\n\n\n\n<p><strong>4.3.<\/strong> En el caso de que el <strong>USUARIO<\/strong> cumplimente voluntariamente cualquiera de los formularios online de recogida de datos disponibles en el Sitio Web, para acceder a algunos de sus servicios o contenidos, se compromete a proporcionar datos exactos y veraces, as\u00ed como a comunicar a , <strong>LA ORGANIZACI\u00d3N<\/strong> cualquier modificaci\u00f3n de estos. Salvo en caso de indicarse expresamente lo contrario, los datos solicitados en nuestros formularios son necesarios para poder dar curso a su solicitud.<\/p>\n\n\n\n<p>En todo caso, en el correspondiente formulario online de recogida de datos personales del <strong>USUARIO<\/strong> se incluir\u00e1 un enlace al correspondiente aviso de privacidad que ser\u00e1 de aplicaci\u00f3n al tratamiento de los datos personales proporcionados. La aceptaci\u00f3n expresa por el <strong>USUARIO<\/strong> del correspondiente aviso de privacidad ser\u00e1 necesaria para que se tenga por cumplimentado el formulario y poder completar el proceso de env\u00edo. El contenido de dicha pol\u00edtica de privacidad podr\u00e1 ser objeto de modificaci\u00f3n para adaptarlo a cambios legislativos que puedan producirse, as\u00ed como a criterios y posiciones emitidas por las Autoridades de Protecci\u00f3n de Datos competentes.<\/p>\n\n\n\n<p><strong>4.4.<\/strong> Si un <strong>USUARIO<\/strong> facilitara datos personales de otras personas f\u00edsicas, se obliga a cumplir, en relaci\u00f3n con dichos datos, cuantas obligaciones deriven de la normativa de protecci\u00f3n de datos en vigor, y en particular el deber de informar y de obtener el consentimiento del titular de los datos personales.<\/p>\n\n\n\n<p><strong>4.5.<\/strong> No se permite que los menores de 13 a\u00f1os faciliten sus datos personales a trav\u00e9s del Sitio Web, siendo necesaria la previa autorizaci\u00f3n expresa de sus padres o tutores. En todo caso, este Sitio Web no se dirige a menores de edad.<\/p>\n\n\n\n<h3 class=\"wp-block-heading\" id=\"5-propiedad-intelectual-e-industrial\"><strong>5. PROPIEDAD INTELECTUAL E INDUSTRIAL.<\/strong><\/h3>\n\n\n\n<p><strong>5.1.<\/strong> Todos los elementos del Portal (incluidos, sin car\u00e1cter limitativo, c\u00f3digos fuente, bases de datos, dise\u00f1o, im\u00e1genes, fotograf\u00edas, dibujos, gr\u00e1ficos, animaciones, aplicativos, motores de b\u00fasqueda, paginas, logotipos, marcas y nombres comerciales) son propiedad de <strong>LA ORGANIZACI\u00d3N<\/strong> o han sido cedidos al mismo (a menos de que no se indique expresamente). Por tanto, los derechos de autor\u00eda y explotaci\u00f3n en toda su extensi\u00f3n y modalidades se encuentran protegidos por las normas nacionales e internacionales de propiedad intelectual e industrial, la infracci\u00f3n de las cuales constituye una actividad il\u00edcita y delictiva.<\/p>\n\n\n\n<p><strong>5.2.<\/strong> En ning\u00fan caso se entender\u00e1 que el acceso y navegaci\u00f3n del USUARIO en el Sitio Web implica una renuncia, transmisi\u00f3n, licencia o cesi\u00f3n total o parcial de dichos derechos por parte de <strong>LA ORGANIZACI\u00d3N<\/strong>, ni que confiere al USUARIO ning\u00fan derecho de utilizaci\u00f3n, traducci\u00f3n, adaptaci\u00f3n, alteraci\u00f3n, explotaci\u00f3n, reproducci\u00f3n, distribuci\u00f3n o comunicaci\u00f3n p\u00fablica, con fines comerciales, de dichos contenidos, sin la previa y expresa autorizaci\u00f3n de <strong>LA ORGANIZACI\u00d3N<\/strong> o del titular de los derechos afectados. El incumplimiento de lo anterior facultar\u00e1 a <strong>LA ORGANIZACI\u00d3N<\/strong> o a los titulares de los correspondientes derechos para interponer las acciones legales pertinentes.<\/p>\n\n\n\n<p><strong>5.3.<\/strong> La distribuci\u00f3n, modificaci\u00f3n, cesi\u00f3n o comunicaci\u00f3n p\u00fablica de los contenidos y cualquier otro acto que no haya sido expresamente autorizado por el titular de los derechos de explotaci\u00f3n, quedan prohibidos.<\/p>\n\n\n\n<p><strong>5.4.<\/strong> Se autoriza la reproducci\u00f3n (impresi\u00f3n y descarga) de extractos de los contenidos del Portal o sitio Web \u00fanicamente cuando se realicen para uso personal o privado, o a nivel de investigaci\u00f3n o estudio.<\/p>\n\n\n\n<h3 class=\"wp-block-heading\" id=\"6-marcas-registradas\"><strong>6. MARCAS REGISTRADAS.<\/strong><\/h3>\n\n\n\n<p>Todas las marcas, logotipos y anagramas mostrados en este sitio son propiedad de <strong>LA ORGANIZACI\u00d3N<\/strong>, o de terceras empresas. Queda expresamente prohibida la utilizaci\u00f3n, sin previo consentimiento, de cualquier elemento de esta p\u00e1gina web que sea objeto de protecci\u00f3n de acuerdo con la legislaci\u00f3n vigente relativa a propiedad industrial. Especialmente, no podr\u00e1n utilizarse marcas, nombres comerciales, r\u00f3tulos de establecimientos, denominaciones, logotipos, esl\u00f3ganes o cualquier tipo de signo distintivo perteneciente al Titular.<\/p>\n\n\n\n<h3 class=\"wp-block-heading\" id=\"7-exclusion-de-garantias-y-responsabilidad\"><strong>7. EXCLUSI\u00d3N DE GARANT\u00cdAS Y RESPONSABILIDAD.<\/strong><\/h3>\n\n\n\n<p><strong>7.1.<\/strong> El contenido de este Sitio Web tiene finalidad informativa y de creaci\u00f3n de un canal de comunicaci\u00f3n con los <strong>USUARIOS<\/strong>, sin que sus contenidos puedan considerarse como asesoramiento exhaustivo sobre cualesquiera materias. <strong>LA ORGANIZACI\u00d3N<\/strong> no garantiza plenamente el acceso a todos los contenidos, ni su exhaustividad, correcci\u00f3n, vigencia o actualidad, ni su idoneidad o utilidad para un objetivo espec\u00edfico. <strong>LA ORGANIZACI\u00d3N<\/strong> excluye, hasta donde permita la ley, cualquier responsabilidad por los da\u00f1os y perjuicios de toda naturaleza derivados de, a t\u00edtulo enunciativo y no limitativo: errores u omisiones en los contenidos, falta de disponibilidad del Sitio Web, o la transmisi\u00f3n de virus o programas maliciosos o lesivos en los contenidos. No obstante, <strong>LA ORGANIZACI\u00d3N<\/strong> declara que ha adoptado todas las medidas necesarias, dentro de sus posibilidades y del estado de la tecnolog\u00eda, para garantizar el funcionamiento del Sitio Web y evitar la existencia y transmisi\u00f3n de virus y dem\u00e1s componentes da\u00f1inos a los <strong>USUARIOS<\/strong>.<\/p>\n\n\n\n<p><strong>7.2.<\/strong> <strong>LA ORGANIZACI\u00d3N<\/strong> no se hace responsable por la utilizaci\u00f3n que el <strong>USUARIO<\/strong> realice de los servicios y contenidos del Sitio Web. El <strong>USUARIO<\/strong> reconoce y acepta que la utilizaci\u00f3n del Sitio Web, as\u00ed como de sus servicios y contenidos, se realiza bajo su exclusivo riesgo y responsabilidad.<\/p>\n\n\n\n<p><strong>7.3.<\/strong> El <strong>USUARIO<\/strong> ser\u00e1 el \u00fanico responsable de las aportaciones y comentarios que realice en este Sitio Web, reserv\u00e1ndose <strong>LA ORGANIZACI\u00d3N<\/strong> el derecho a retirar aquellos que, a su criterio, considere no apropiados y no haci\u00e9ndose <strong>LA ORGANIZACI\u00d3N<\/strong> responsable de los comentarios vertidos por los <strong>USUARIOS<\/strong>.<\/p>\n\n\n\n<h3 class=\"wp-block-heading\" id=\"8-enlaces\"><strong>8. ENLACES.<\/strong><\/h3>\n\n\n\n<p><strong>8.1<\/strong>. En el caso de que en el Sitio Web se dispusiesen enlaces o hiperv\u00ednculos hacia otros sitios de Internet, <strong>LA ORGANIZACI\u00d3N<\/strong> no ejercer\u00e1 ning\u00fan control sobre dichos sitios y contenidos. En ning\u00fan caso <strong>LA ORGANIZACI\u00d3N<\/strong> asumir\u00e1 responsabilidad alguna por los contenidos de los sitios web ajenos enlazados, ni garantizar\u00e1 la disponibilidad t\u00e9cnica, calidad, fiabilidad, exactitud, amplitud, veracidad, legalidad o validez de cualquier material o informaci\u00f3n contenida en ninguno de dichos hiperv\u00ednculos u otros sitios de Internet. En este sentido, si los <strong>USUARIOS<\/strong> tuvieran conocimiento efectivo de la ilicitud de actividades desarrolladas a trav\u00e9s de estas p\u00e1ginas web de terceros enlazadas, deber\u00e1n comunicarlo inmediatamente a <strong>LA ORGANIZACI\u00d3N<\/strong> a los efectos de que se proceda a deshabilitar el enlace de acceso a las mismas.<\/p>\n\n\n\n<p><strong>8.2.<\/strong> Igualmente, la inclusi\u00f3n de cualquier tipo de enlace por parte de <strong>LA ORGANIZACI\u00d3N<\/strong> a otros sitios de Internet no implica que exista ning\u00fan tipo de relaci\u00f3n, asociaci\u00f3n, colaboraci\u00f3n o dependencia entre <strong>LA ORGANIZACI\u00d3N<\/strong> y el titular del sitio web ajeno.<\/p>\n\n\n\n<h3 class=\"wp-block-heading\" id=\"9-derecho-de-exclusion\"><strong>9. DERECHO DE EXCLUSI\u00d3N.<\/strong><\/h3>\n\n\n\n<p><strong>LA ORGANIZACI\u00d3N<\/strong> se reserva el derecho a denegar o retirar el acceso a este Sitio Web y\/o a los contenidos y servicios ofrecidos en el mismo, sin necesidad de preaviso, a aquellos <strong>USUARIOS<\/strong> que incumplan las presentes condiciones generales de uso o las particulares que pudieran establecerse.<\/p>\n\n\n\n<h3 class=\"wp-block-heading\" id=\"10-generalidades\"><strong>10. GENERALIDADES.<\/strong><\/h3>\n\n\n\n<p><strong>10.1<\/strong>.- En caso de existir discrepancia entre lo establecido en estas condiciones generales de uso y las condiciones particulares de cada servicio espec\u00edfico, prevalecer\u00e1 lo dispuesto en \u00e9stas \u00faltimas.<\/p>\n\n\n\n<p><strong>10.2<\/strong>.- Si cualquier disposici\u00f3n o contenido de este Aviso Legal fuera declarado nulo o inaplicable, en todo o en parte, mediante resoluci\u00f3n firme por un Juzgado o Tribunal competente, dicha nulidad o inaplicaci\u00f3n no afectar\u00e1 a las restantes disposiciones de las condiciones de uso, que conservar\u00e1n su validez a todos los efectos.<\/p>\n\n\n\n<p><strong>10.3<\/strong>.- El no ejercicio o ejecuci\u00f3n por parte de <strong>LA ORGANIZACI\u00d3N<\/strong> de cualquier derecho o disposici\u00f3n contenida en estas condiciones de uso no constituir\u00e1 una renuncia al mismo, salvo reconocimiento y acuerdo de este por escrito.<\/p>\n\n\n\n<p><strong>10.4<\/strong>.- <strong>LA ORGANIZACI\u00d3N<\/strong> podr\u00e1 modificar en todo o en parte y en cualquier momento las condiciones aqu\u00ed determinadas, y dichas modificaciones tendr\u00e1n vigencia desde el mismo momento de su publicaci\u00f3n en este Sitio Web.<\/p>\n\n\n\n<h3 class=\"wp-block-heading\" id=\"11-espacios-con-acceso-restringido\"><strong>11. ESPACIOS CON ACCESO RESTRINGIDO.<\/strong><\/h3>\n\n\n\n<p>El acceso a ciertos apartados de este sitio Web est\u00e1 protegido por c\u00f3digo de usuario y contrase\u00f1a (que deber\u00e1 establecer al cumplimentar el formulario de registro), siendo estas sus credenciales y respecto a las cuales, el usuario adquiere los siguientes compromisos:<\/p>\n\n\n\n<ul class=\"wp-block-list\"><li>Las credenciales de acceso son personales e intransferibles, identifican al usuario en el sitio Web siendo responsabilidad del mismo mantenerlas en secreto. Por tanto, el usuario ser\u00e1 responsable de todas las acciones que se realicen con sus credenciales de acceso.<\/li><li>El usuario comunicar\u00e1 a <strong>LA ORGANIZACI\u00d3N<\/strong> cualquier uso no autorizado de sus credenciales o cualquier otro incidente de seguridad tan pronto como tenga conocimiento del mismo.<\/li><\/ul>\n\n\n\n<h3 class=\"wp-block-heading\" id=\"12-redes-sociales\"><strong>12. REDES SOCIALES.<\/strong><\/h3>\n\n\n\n<p><strong>LA ORGANIZACI\u00d3N<\/strong> puede estar presente, actualmente o en el futuro, en redes sociales de Internet, donde considere oportuno establecer presencia.<\/p>\n\n\n\n<p>Estos espacios se considerar\u00e1n oficiales, no asumiendo responsabilidad por el uso o contenidos dispuestos en cualesquiera otras cuentas o espacios abiertos en las redes sociales por parte de terceros. <strong>LA ORGANIZACI\u00d3N<\/strong> tampoco asumir\u00e1 responsabilidad del uso o contenidos dispuestos a trav\u00e9s de cuentas o espacios abiertos por parte de sus cargos p\u00fablicos, creado de manera particular en el \u00e1mbito privado o a trav\u00e9s de partido pol\u00edtico u otro colectivo al que pertenecieren.<\/p>\n\n\n\n<p><strong>LA ORGANIZACI\u00d3N<\/strong>, como administrador de sus instancias propias en dichas redes, podr\u00e1 decidir la no publicaci\u00f3n y\/o el borrado de cualquier contenido publicado en las mismas.<\/p>\n\n\n\n<p>En cualquier caso, el <strong>USUARIO<\/strong> es el \u00fanico responsable de los contenidos que, en su caso, publique en estas redes sociales de <strong>LA ORGANIZACI\u00d3N<\/strong>, siendo plenamente aplicable a las redes sociales las condiciones y t\u00e9rminos generales de uso de esta web; y sin perjuicio de aplicar las condiciones y t\u00e9rminos o pol\u00edticas, establecidos por la propia red social.<\/p>\n\n\n\n<p>Adem\u00e1s, informamos que el sitio Web integra, en su caso, plugins o complementos de redes sociales, respecto a los cuales deber\u00e1 tener en cuenta lo siguiente:<\/p>\n\n\n\n<ul class=\"wp-block-list\"><li>Si est\u00e1 registrado como usuario en la red social (Facebook, Twitter) y al visitar este sitio Web del tiene la sesi\u00f3n abierta en cualquiera de estas redes sociales, al hacer \u00abclick\u00bb en sus plugins, la red social recibir\u00e1 la informaci\u00f3n que le indica y de que ha visitado el Sitio. Adem\u00e1s, proporcionar\u00e1 informaci\u00f3n sobre su perfil de usuario de esa red social (nombre, email, foto, etc.).<\/li><li>Si no est\u00e1 registrado en la red social, o no tienen la sesi\u00f3n abierta mientras visita el sitio Web puede ser que la red social reciba y almacene al menos su direcci\u00f3n IP.<\/li><li>Si no desea que una red social recopile los datos personales, ni que los comparta con nosotros ni con terceros, consulte la pol\u00edtica de privacidad de la red social correspondiente y cierre sesi\u00f3n en la misma antes de visitar este sitio Web. Tambi\u00e9n podr\u00e1 eliminar las cookies existentes que haya instalado la red social en su ordenador usando las funciones de su navegador.<\/li><\/ul>\n\n\n\n<h3 class=\"wp-block-heading\" id=\"13-ley-aplicable-y-jurisdiccion\"><strong>13. LEY APLICABLE Y JURISDICCI\u00d3N.<\/strong><\/h3>\n\n\n\n<p>Las relaciones establecidas entre, como titular de este Sitio Web, y el <strong>USUARIO<\/strong>, se regir\u00e1n por lo dispuesto en la normativa vigente relativa a la legislaci\u00f3n aplicable y la jurisdicci\u00f3n competente. No obstante, para los casos en que la normativa prevea la posibilidad de que las partes se sometan a un fuero, <strong>LA ORGANIZACI\u00d3N<\/strong> y el <strong>USUARIO<\/strong>, con renuncia expresa a cualquier otro fuero que pudiera corresponderles, se someten a los Juzgados y Tribunales de Madrid.<\/p>\n","protected":false},"excerpt":{"rendered":"<p>1. INFORMACI\u00d3N GENERAL. En cumplimiento del deber de informaci\u00f3n establecido en el art\u00edculo 10 de la Ley 34\/2002, de Servicios de la Sociedad de la Informaci\u00f3n y de Comercio Electr\u00f3nico, le comunicamos que el titular del sitio web https:\/\/sercoenergia.com es Serco 2004 S.L (en adelante LA ORGANIZACI\u00d3N). Los datos identificativos y de contacto con los [&hellip;]<\/p>\n","protected":false},"author":1,"featured_media":0,"parent":0,"menu_order":0,"comment_status":"closed","ping_status":"closed","template":"","meta":{"footnotes":""},"class_list":["post-70","page","type-page","status-publish","czr-hentry"],"_links":{"self":[{"href":"https:\/\/sercoenergia.com\/index.php\/wp-json\/wp\/v2\/pages\/70","targetHints":{"allow":["GET"]}}],"collection":[{"href":"https:\/\/sercoenergia.com\/index.php\/wp-json\/wp\/v2\/pages"}],"about":[{"href":"https:\/\/sercoenergia.com\/index.php\/wp-json\/wp\/v2\/types\/page"}],"author":[{"embeddable":true,"href":"https:\/\/sercoenergia.com\/index.php\/wp-json\/wp\/v2\/users\/1"}],"replies":[{"embeddable":true,"href":"https:\/\/sercoenergia.com\/index.php\/wp-json\/wp\/v2\/comments?post=70"}],"version-history":[{"count":6,"href":"https:\/\/sercoenergia.com\/index.php\/wp-json\/wp\/v2\/pages\/70\/revisions"}],"predecessor-version":[{"id":233,"href":"https:\/\/sercoenergia.com\/index.php\/wp-json\/wp\/v2\/pages\/70\/revisions\/233"}],"wp:attachment":[{"href":"https:\/\/sercoenergia.com\/index.php\/wp-json\/wp\/v2\/media?parent=70"}],"curies":[{"name":"wp","href":"https:\/\/api.w.org\/{rel}","templated":true}]}}